{"id":974,"date":"2023-06-07T06:27:56","date_gmt":"2023-06-07T06:27:56","guid":{"rendered":"https:\/\/wptf.themepul.co\/tronix\/?page_id=974"},"modified":"2025-10-01T17:22:20","modified_gmt":"2025-10-01T14:22:20","slug":"contact","status":"publish","type":"page","link":"https:\/\/ipatch.lv\/ru\/contact\/","title":{"rendered":"iPatch - \u041a\u043e\u043d\u0442\u0430\u043a\u0442\u044b, \u0410\u0434\u0440\u0435\u0441"},"content":{"rendered":"<div data-elementor-type=\"wp-page\" data-elementor-id=\"974\" class=\"elementor elementor-974\">\n\t\t\t\t<div class=\"elementor-element elementor-element-5451de3 e-flex e-con-boxed e-con e-parent\" data-id=\"5451de3\" data-element_type=\"container\">\n\t\t\t\t\t<div class=\"e-con-inner\">\n\t\t\t\t<div class=\"elementor-element elementor-element-41a3704 elementor-widget elementor-widget-tronix_title\" data-id=\"41a3704\" data-element_type=\"widget\" data-widget_type=\"tronix_title.default\">\n\t\t\t\t<div class=\"elementor-widget-container\">\n\t\t\t\t\t        <div class=\"tronix-section-title-wrapper\">\n            <div class=\"container\">\n                <div class=\"tronix-section-title-content\">\n                                            <span class=\"tronix-section-small-title\">\n                            \u041a\u0430\u043a \u043d\u0430\u0441 \u043d\u0430\u0439\u0442\u0438                        <\/span>\n                                                                <h2 class=\"tronix-section-title\">\n                            <h2>\u0443\u043b. \u041c\u0435\u0440\u043a\u0435\u043b\u044f 3, \u0420\u0438\u0433\u0430, LV-1050<\/h2>                        <\/h2>\n                    \n                                    <\/div>\n            <\/div>\n        <\/div>\n\t\t\t\t<\/div>\n\t\t\t\t<\/div>\n\t\t\t\t\t<\/div>\n\t\t\t\t<\/div>\n\t\t<div class=\"elementor-element elementor-element-3d37a25 e-con-full e-flex e-con e-parent\" data-id=\"3d37a25\" data-element_type=\"container\">\n\t\t\t\t<div class=\"elementor-element elementor-element-32abd40 elementor-widget elementor-widget-google_maps\" data-id=\"32abd40\" data-element_type=\"widget\" data-widget_type=\"google_maps.default\">\n\t\t\t\t<div class=\"elementor-widget-container\">\n\t\t\t\t\t\t\t<div class=\"elementor-custom-embed\">\n\t\t\t<iframe loading=\"lazy\"\n\t\t\t\t\tsrc=\"https:\/\/maps.google.com\/maps?q=iPatch&#038;t=m&#038;z=15&#038;output=embed&#038;iwloc=near\"\n\t\t\t\t\ttitle=\"iPatch\"\n\t\t\t\t\taria-label=\"iPatch\"\n\t\t\t><\/iframe>\n\t\t<\/div>\n\t\t\t\t\t\t<\/div>\n\t\t\t\t<\/div>\n\t\t\t\t<\/div>\n\t\t\t\t<section class=\"elementor-section elementor-top-section elementor-element elementor-element-0458fdb elementor-section-boxed elementor-section-height-default elementor-section-height-default\" data-id=\"0458fdb\" data-element_type=\"section\">\n\t\t\t\t\t\t<div class=\"elementor-container elementor-column-gap-no\">\n\t\t\t\t\t<div class=\"elementor-column elementor-col-100 elementor-top-column elementor-element elementor-element-581e5d0\" data-id=\"581e5d0\" data-element_type=\"column\">\n\t\t\t<div class=\"elementor-widget-wrap elementor-element-populated\">\n\t\t\t\t\t\t<div class=\"elementor-element elementor-element-d6081d4 elementor-widget elementor-widget-icon_box\" data-id=\"d6081d4\" data-element_type=\"widget\" data-widget_type=\"icon_box.default\">\n\t\t\t\t<div class=\"elementor-widget-container\">\n\t\t\t\t\t        <div class=\"tronix-icon-box-wrapper\">\n            <div class=\"container\">\n                <div class=\"row\">\n                                            <div class=\"col-xl-4 col-lg-4 col-md-6\">\n                            <div class=\"tronix-icon-box\">\n                                                                    <div class=\"tronix-icon\">\n                                        <i aria-hidden=\"true\" class=\"fas fa-phone-alt\"><\/i>                                    <\/div>\n                                                                <div class=\"icon-box-content\">\n                                    <div class=\"icon-box-title-label\"> \u0422\u0435\u043b\u0435\u0444\u043e\u043d <\/div>\n                                                                            <h6 class=\"icon-box-title\">\n                                                                                            <a href=\"\"  target=\"_blank\" rel=\"nofollow\">\n                                                                                                \n<a href=\"tel: 37120076363\">+371 2007 6363<\/a><br>\n<a href=\"https:\/\/wa.me\/37120076363\">WhatsApp <\/a>                                                 <\/a>                                         <\/h6>\n                                                                    <\/div>\n                            <\/div>\n                        <\/div>\n                                            <div class=\"col-xl-4 col-lg-4 col-md-6\">\n                            <div class=\"tronix-icon-box\">\n                                                                    <div class=\"tronix-icon\">\n                                        <i aria-hidden=\"true\" class=\"fas fa-map-marker-alt\"><\/i>                                    <\/div>\n                                                                <div class=\"icon-box-content\">\n                                    <div class=\"icon-box-title-label\"> \u0410\u0434\u0440\u0435\u0441 <\/div>\n                                                                            <h6 class=\"icon-box-title\">\n                                                                                            \u0443\u043b. \u041c\u0435\u0440\u043a\u0435\u043b\u044f 3, \u0420\u0438\u0433\u0430<br><br>\nPirm-Piekt: 10:00-18:00<br>\n\u0421\u0443\u0431\u0431\u043e\u0442\u0430: \u0417\u0430\u043a\u0440\u044b\u0442\u044b<br>\n\u0412\u043e\u0441\u043a\u0440\u0435\u0441\u0435\u043d\u044c\u0435: \u0417\u0430\u043a\u0440\u044b\u0442\u044b                                                                                        <\/h6>\n                                                                    <\/div>\n                            <\/div>\n                        <\/div>\n                                            <div class=\"col-xl-4 col-lg-4 col-md-6\">\n                            <div class=\"tronix-icon-box\">\n                                                                    <div class=\"tronix-icon\">\n                                        <i aria-hidden=\"true\" class=\"far fa-envelope\"><\/i>                                    <\/div>\n                                                                <div class=\"icon-box-content\">\n                                    <div class=\"icon-box-title-label\"> \u041f\u043e\u0447\u0442\u0430 <\/div>\n                                                                            <h6 class=\"icon-box-title\">\n                                                                                            <a href=\"mailto:sales@ipatch.lv\"  target=\"_blank\" rel=\"nofollow\">\n                                                                                                Sales@iPatch.lv                                                 <\/a>                                         <\/h6>\n                                                                    <\/div>\n                            <\/div>\n                        <\/div>\n                                    <\/div>\n            <\/div>\n        <\/div>\n\t\t\t\t<\/div>\n\t\t\t\t<\/div>\n\t\t\t\t\t<\/div>\n\t\t<\/div>\n\t\t\t\t\t<\/div>\n\t\t<\/section>\n\t\t\t\t<section class=\"elementor-section elementor-top-section elementor-element elementor-element-0877aaf elementor-section-boxed elementor-section-height-default elementor-section-height-default\" data-id=\"0877aaf\" data-element_type=\"section\">\n\t\t\t\t\t\t<div class=\"elementor-container elementor-column-gap-no\">\n\t\t\t\t\t<div class=\"elementor-column elementor-col-50 elementor-top-column elementor-element elementor-element-6fcb105\" data-id=\"6fcb105\" data-element_type=\"column\">\n\t\t\t<div class=\"elementor-widget-wrap elementor-element-populated\">\n\t\t\t\t\t\t<div class=\"elementor-element elementor-element-977dfb2 elementor-widget elementor-widget-image\" data-id=\"977dfb2\" data-element_type=\"widget\" data-widget_type=\"image.default\">\n\t\t\t\t<div class=\"elementor-widget-container\">\n\t\t\t\t\t\t\t\t\t\t\t\t\t\t\t<img fetchpriority=\"high\" decoding=\"async\" width=\"800\" height=\"400\" src=\"https:\/\/ipatch.lv\/wp-content\/uploads\/2025\/01\/ipatch-adrese.gif\" class=\"attachment-large size-large wp-image-8795\" alt=\"iPatch adrese\" \/>\t\t\t\t\t\t\t\t\t\t\t\t\t\t\t<\/div>\n\t\t\t\t<\/div>\n\t\t\t\t\t<\/div>\n\t\t<\/div>\n\t\t\t\t<div class=\"elementor-column elementor-col-50 elementor-top-column elementor-element elementor-element-3abb63a\" data-id=\"3abb63a\" data-element_type=\"column\">\n\t\t\t<div class=\"elementor-widget-wrap elementor-element-populated\">\n\t\t\t\t\t\t<div class=\"elementor-element elementor-element-b7e582a elementor-widget elementor-widget-tronix_ctf7\" data-id=\"b7e582a\" data-element_type=\"widget\" data-widget_type=\"tronix_ctf7.default\">\n\t\t\t\t<div class=\"elementor-widget-container\">\n\t\t\t\t\t        <div class=\"tronix-ctf7s-wrapper\">\n            \n<div class=\"wpcf7 no-js\" id=\"wpcf7-f1099-o1\" lang=\"en-US\" dir=\"ltr\">\n<div class=\"screen-reader-response\"><p role=\"status\" aria-live=\"polite\" aria-atomic=\"true\"><\/p> <ul><\/ul><\/div>\n<form action=\"\/wp-json\/wp\/v2\/pages\/974\" method=\"post\" class=\"wpcf7-form init\" aria-label=\"Contact form\" novalidate=\"novalidate\" data-status=\"init\" data-trp-original-action=\"\/ru\/wp-json\/wp\/v2\/pages\/974#wpcf7-f1099-o1\">\n<div style=\"display: none;\">\n<input type=\"hidden\" name=\"_wpcf7\" value=\"1099\" \/>\n<input type=\"hidden\" name=\"_wpcf7_version\" value=\"5.9.8\" \/>\n<input type=\"hidden\" name=\"_wpcf7_locale\" value=\"en_US\" \/>\n<input type=\"hidden\" name=\"_wpcf7_unit_tag\" value=\"wpcf7-f1099-o1\" \/>\n<input type=\"hidden\" name=\"_wpcf7_container_post\" value=\"0\" \/>\n<input type=\"hidden\" name=\"_wpcf7_posted_data_hash\" value=\"\" \/>\n<\/div>\n<div class=\"tronix-contact-from-two-wrappwr\">\n\t<div class=\"row\">\n\t\t<div class=\"form-title-wrp\">\n\t\t\t<h5 class=\"form-title\"> \u0417\u0430\u0431\u0440\u043e\u043d\u0438\u0440\u0443\u0439\u0442\u0435 \u0420\u0435\u043c\u043e\u043d\u0442 <\/h5>\n\t\t\t<div class=\"form-des\"> \u041a\u043e\u043c\u0430\u043d\u0434\u0430 iPatch \u0441\u0442\u0440\u0435\u043c\u0438\u0442\u0441\u044f \u043e\u0431\u0435\u0441\u043f\u0435\u0447\u0438\u0442\u044c \u043f\u0440\u0435\u0432\u043e\u0441\u0445\u043e\u0434\u043d\u043e\u0435 \u043e\u0431\u0441\u043b\u0443\u0436\u0438\u0432\u0430\u043d\u0438\u0435 \u0438 \u043f\u043e\u0434\u0434\u0435\u0440\u0436\u043a\u0443 \u043a\u043b\u0438\u0435\u043d\u0442\u043e\u0432. \u0415\u0441\u043b\u0438 \u0443 \u0432\u0430\u0441 \u0432\u043e\u0437\u043d\u0438\u043a\u043b\u0438 \u0442\u0435\u0445\u043d\u0438\u0447\u0435\u0441\u043a\u0438\u0435 \u043f\u0440\u043e\u0431\u043b\u0435\u043c\u044b \u0438\u043b\u0438 \u0432\u0430\u043c \u043d\u0443\u0436\u043d\u0430 \u043f\u043e\u043c\u043e\u0449\u044c \u0441 \u043e\u0434\u043d\u0438\u043c \u0438\u0437 \u043d\u0430\u0448\u0438\u0445 \u0443\u0441\u043b\u0443\u0433, \u043f\u043e\u0436\u0430\u043b\u0443\u0439\u0441\u0442\u0430, \u0441\u0432\u044f\u0436\u0438\u0442\u0435\u0441\u044c \u0441 \u043d\u0430\u043c\u0438. <\/div>\n\t\t<\/div>\n\t\t<div class=\"col-lg-6 col-md-6 col-12\">\n\t\t\t<div class=\"tronix-input-area\">\n\t\t\t\t<span class=\"wpcf7-form-control-wrap\" data-name=\"fname\"><input size=\"40\" maxlength=\"400\" class=\"wpcf7-form-control wpcf7-text wpcf7-validates-as-required\" aria-required=\"true\" aria-invalid=\"false\" placeholder=\"\u0418\u043c\u044f\" value=\"\" type=\"text\" name=\"fname\" \/><\/span>\n\t\t\t<\/div>\n\t\t<\/div>\n\t\t<div class=\"col-lg-6 col-md-6 col-12\">\n\t\t\t<div class=\"tronix-input-area\">\n\t\t\t \t<span class=\"wpcf7-form-control-wrap\" data-name=\"number\"><input class=\"wpcf7-form-control wpcf7-number wpcf7-validates-as-required wpcf7-validates-as-number\" aria-required=\"true\" aria-invalid=\"false\" placeholder=\"\u0422\u0435\u043b\u0435\u0444\u043e\u043d\" value=\"\" type=\"number\" name=\"number\" \/><\/span>\n\t\t\t<\/div>\n\t\t<\/div>\n\n\t\t<div class=\"col-lg-6 col-md-6 col-12\">\n\t\t\t<div class=\"tronix-input-area\">\n\t\t\t\t<span class=\"wpcf7-form-control-wrap\" data-name=\"email\"><input size=\"40\" maxlength=\"400\" class=\"wpcf7-form-control wpcf7-email wpcf7-validates-as-required wpcf7-text wpcf7-validates-as-email\" aria-required=\"true\" aria-invalid=\"false\" placeholder=\"\u0435-\u041c\u0430\u0439\u043b\" value=\"\" type=\"email\" name=\"email\" \/><\/span>\n\t\t\t<\/div>\n\t\t<\/div>\n\t\t<div class=\"col-lg-6 col-md-6 col-12\">\n\t\t\t<div class=\"tronix-input-area\"> \u0412\u044b\u0431\u0435\u0440\u0438\u0442\u0435 \u0441\u0432\u043e\u0435 \u0443\u0441\u0442\u0440\u043e\u0439\u0441\u0442\u0432\u043e\n\t\t\t\t<span class=\"wpcf7-form-control-wrap\" data-name=\"menu-632\"><select class=\"wpcf7-form-control wpcf7-select wpcf7-validates-as-required\" aria-required=\"true\" aria-invalid=\"false\" name=\"menu-632\"><option value=\"Telefons\">\u0422\u0435\u043b\u0435\u0444\u043e\u043d<\/option><option value=\"PC\/Portat\u012bvais dators\">\u041f\u041a\/\u041d\u043e\u0443\u0442\u0431\u0443\u043a<\/option><option value=\"Plan\u0161etdators\">\u041f\u043b\u0430\u043d\u0448\u0435\u0442<\/option><\/select><\/span>\n\t\t\t<\/div>\n\t\t<\/div>\n\t\t<div class=\"col-lg-12 col-md-12 col-12\">\n\t\t\t<div class=\"tronix-input-area message\">\n\t\t\t\t<span class=\"wpcf7-form-control-wrap\" data-name=\"message\"><textarea cols=\"10\" rows=\"3\" maxlength=\"2000\" class=\"wpcf7-form-control wpcf7-textarea wpcf7-validates-as-required\" aria-required=\"true\" aria-invalid=\"false\" placeholder=\"\u041e\u043f\u0438\u0448\u0438\u0442\u0435 \u043f\u043e\u0432\u0440\u0435\u0436\u0434\u0435\u043d\u0438\u0435\" name=\"message\"><\/textarea><\/span>\n\t\t\t<\/div>\n\t\t\t<div class=\"tronix-contact-button button\">\n\t\t\t\t<input class=\"wpcf7-form-control wpcf7-submit has-spinner theme-btns\" type=\"submit\" value=\"\u041e\u0442\u043f\u0440\u0430\u0432\u0438\u0442\u044c\" \/>\n\t\t\t<\/div>\n\t\t<\/div>\n\t<\/div>\n<\/div><input type='hidden' class='wpcf7-pum' value='{\"closepopup\":false,\"closedelay\":0,\"openpopup\":false,\"openpopup_id\":0}' \/><div class=\"wpcf7-response-output\" aria-hidden=\"true\"><\/div>\n<input type=\"hidden\" name=\"trp-form-language\" value=\"ru\"\/><\/form>\n<\/div>\n        <\/div>\n        \t\t\t\t<\/div>\n\t\t\t\t<\/div>\n\t\t\t\t\t<\/div>\n\t\t<\/div>\n\t\t\t\t\t<\/div>\n\t\t<\/section>\n\t\t\t\t<\/div>","protected":false},"excerpt":{"rendered":"<p>K\u0101 m\u016bs atrast Mer\u0137e\u013ca iela 3, R\u012bga, LV-1050 Telefons +371 2007 6363 WhatsApp Adrese Mer\u0137e\u013ca iela 3, R\u012bga Pirm-Piekt: 10:00-18:00 Sest: Sl\u0113gts Sv\u0113t: Sl\u0113gts E-Pasts Sales@iPatch.lv Rezerv\u0113jiet Remontu iPatch komanda ir ap\u0146\u0113musies nodro\u0161in\u0101t izcilu klientu apkalpo\u0161anu un atbalstu. Ja jums ir tehniskas probl\u0113mas vai nepiecie\u0161ama pal\u012bdz\u012bba ar k\u0101du no m\u016bsu pakalpojumiem, l\u016bdzu, sazinieties ar mums. [&hellip;]<\/p>","protected":false},"author":5,"featured_media":8785,"parent":0,"menu_order":0,"comment_status":"closed","ping_status":"closed","template":"blank-template.php","meta":{"footnotes":""},"class_list":["post-974","page","type-page","status-publish","has-post-thumbnail","hentry"],"yoast_head":"<!-- This site is optimized with the Yoast SEO Premium plugin v22.8 (Yoast SEO v23.2) - https:\/\/yoast.com\/wordpress\/plugins\/seo\/ -->\n<title>M\u016bsu Kontakti | Adrese | Darba laiks | Google Maps \u2022 iPatch<\/title>\n<meta name=\"description\" content=\"Sazinieties ar iPatch \u2b50 M\u0113s esam \u0161eit, lai pal\u012bdz\u0113tu ar vis\u0101m j\u016bsu mobilo ier\u012b\u010du remonta vajadz\u012bb\u0101m R\u012bg\u0101 \u2b50 Zvaniet mums\" \/>\n<meta name=\"robots\" content=\"index, follow, max-snippet:-1, max-image-preview:large, max-video-preview:-1\" \/>\n<link rel=\"canonical\" href=\"https:\/\/ipatch.lv\/ru\/contact\/\" \/>\n<meta property=\"og:locale\" content=\"ru_RU\" \/>\n<meta property=\"og:type\" content=\"article\" \/>\n<meta property=\"og:title\" content=\"M\u016bsu Kontakti | Adrese | Darba laiks | Google Maps \u2022 iPatch\" \/>\n<meta property=\"og:description\" content=\"Sazinieties ar iPatch \u2b50 M\u0113s esam \u0161eit, lai pal\u012bdz\u0113tu ar vis\u0101m j\u016bsu mobilo ier\u012b\u010du remonta vajadz\u012bb\u0101m R\u012bg\u0101 \u2b50 Zvaniet mums\" \/>\n<meta property=\"og:url\" content=\"https:\/\/ipatch.lv\/ru\/contact\/\" \/>\n<meta property=\"og:site_name\" content=\"iPatch\" \/>\n<meta property=\"article:publisher\" content=\"https:\/\/www.facebook.com\/ipatchremonts\/\" \/>\n<meta property=\"article:modified_time\" content=\"2025-10-01T14:22:20+00:00\" \/>\n<meta property=\"og:image\" content=\"https:\/\/ipatch.lv\/wp-content\/uploads\/2025\/01\/ipatch-logo.png\" \/>\n\t<meta property=\"og:image:width\" content=\"1024\" \/>\n\t<meta property=\"og:image:height\" content=\"1029\" \/>\n\t<meta property=\"og:image:type\" content=\"image\/png\" \/>\n<meta name=\"twitter:card\" content=\"summary_large_image\" \/>\n<meta name=\"twitter:title\" content=\"M\u016bsu Kontakti | Adrese | Darba laiks | Google Maps \u2022 iPatch\" \/>\n<meta name=\"twitter:description\" content=\"Sazinieties ar iPatch \u2b50 M\u0113s esam \u0161eit, lai pal\u012bdz\u0113tu ar vis\u0101m j\u016bsu mobilo ier\u012b\u010du remonta vajadz\u012bb\u0101m R\u012bg\u0101 \u2b50 Zvaniet mums\" \/>\n<meta name=\"twitter:image\" content=\"https:\/\/ipatch.lv\/wp-content\/uploads\/2025\/01\/ipatch-logo.png\" \/>\n<meta name=\"twitter:label1\" content=\"\u041f\u0440\u0438\u043c\u0435\u0440\u043d\u043e\u0435 \u0432\u0440\u0435\u043c\u044f \u0434\u043b\u044f \u0447\u0442\u0435\u043d\u0438\u044f\" \/>\n\t<meta name=\"twitter:data1\" content=\"1 \u043c\u0438\u043d\u0443\u0442\u0430\" \/>\n<script type=\"application\/ld+json\" class=\"yoast-schema-graph\">{\"@context\":\"https:\/\/schema.org\",\"@graph\":[{\"@type\":\"WebPage\",\"@id\":\"https:\/\/ipatch.lv\/contact\/\",\"url\":\"https:\/\/ipatch.lv\/contact\/\",\"name\":\"M\u016bsu Kontakti | Adrese | Darba laiks | Google Maps \u2022 iPatch\",\"isPartOf\":{\"@id\":\"https:\/\/ipatch.lv\/#website\"},\"primaryImageOfPage\":{\"@id\":\"https:\/\/ipatch.lv\/contact\/#primaryimage\"},\"image\":{\"@id\":\"https:\/\/ipatch.lv\/contact\/#primaryimage\"},\"thumbnailUrl\":\"https:\/\/ipatch.lv\/wp-content\/uploads\/2025\/01\/ipatch-logo.png\",\"datePublished\":\"2023-06-07T06:27:56+00:00\",\"dateModified\":\"2025-10-01T14:22:20+00:00\",\"description\":\"Sazinieties ar iPatch \u2b50 M\u0113s esam \u0161eit, lai pal\u012bdz\u0113tu ar vis\u0101m j\u016bsu mobilo ier\u012b\u010du remonta vajadz\u012bb\u0101m R\u012bg\u0101 \u2b50 Zvaniet mums\",\"breadcrumb\":{\"@id\":\"https:\/\/ipatch.lv\/contact\/#breadcrumb\"},\"inLanguage\":\"ru-RU\",\"potentialAction\":[{\"@type\":\"ReadAction\",\"target\":[\"https:\/\/ipatch.lv\/contact\/\"]}]},{\"@type\":\"ImageObject\",\"inLanguage\":\"ru-RU\",\"@id\":\"https:\/\/ipatch.lv\/contact\/#primaryimage\",\"url\":\"https:\/\/ipatch.lv\/wp-content\/uploads\/2025\/01\/ipatch-logo.png\",\"contentUrl\":\"https:\/\/ipatch.lv\/wp-content\/uploads\/2025\/01\/ipatch-logo.png\",\"width\":1024,\"height\":1029,\"caption\":\"iPatch logo\"},{\"@type\":\"BreadcrumbList\",\"@id\":\"https:\/\/ipatch.lv\/contact\/#breadcrumb\",\"itemListElement\":[{\"@type\":\"ListItem\",\"position\":1,\"name\":\"Home\",\"item\":\"https:\/\/ipatch.lv\/\"},{\"@type\":\"ListItem\",\"position\":2,\"name\":\"Kontakti\"}]},{\"@type\":\"WebSite\",\"@id\":\"https:\/\/ipatch.lv\/#website\",\"url\":\"https:\/\/ipatch.lv\/\",\"name\":\"Mobile Repair Malta\",\"description\":\"iPhone remonts, datoru remonts, telefonu remonts, Apple remonts\",\"publisher\":{\"@id\":\"https:\/\/ipatch.lv\/#organization\"},\"potentialAction\":[{\"@type\":\"SearchAction\",\"target\":{\"@type\":\"EntryPoint\",\"urlTemplate\":\"https:\/\/ipatch.lv\/?s={search_term_string}\"},\"query-input\":\"required name=search_term_string\"}],\"inLanguage\":\"ru-RU\"},{\"@type\":\"Organization\",\"@id\":\"https:\/\/ipatch.lv\/#organization\",\"name\":\"Mobile Repair Malta\",\"url\":\"https:\/\/ipatch.lv\/\",\"logo\":{\"@type\":\"ImageObject\",\"inLanguage\":\"ru-RU\",\"@id\":\"https:\/\/ipatch.lv\/#\/schema\/logo\/image\/\",\"url\":\"https:\/\/ipatch.lv\/wp-content\/uploads\/2024\/12\/ipatch-logo-white.png\",\"contentUrl\":\"https:\/\/ipatch.lv\/wp-content\/uploads\/2024\/12\/ipatch-logo-white.png\",\"width\":936,\"height\":300,\"caption\":\"Mobile Repair Malta\"},\"image\":{\"@id\":\"https:\/\/ipatch.lv\/#\/schema\/logo\/image\/\"},\"sameAs\":[\"https:\/\/www.facebook.com\/ipatchremonts\/\"]}]}<\/script>\n<!-- \/ Yoast SEO Premium plugin. -->","yoast_head_json":{"title":"M\u016bsu Kontakti | Adrese | Darba laiks | Google Maps \u2022 iPatch","description":"Sazinieties ar iPatch \u2b50 M\u0113s esam \u0161eit, lai pal\u012bdz\u0113tu ar vis\u0101m j\u016bsu mobilo ier\u012b\u010du remonta vajadz\u012bb\u0101m R\u012bg\u0101 \u2b50 Zvaniet mums","robots":{"index":"index","follow":"follow","max-snippet":"max-snippet:-1","max-image-preview":"max-image-preview:large","max-video-preview":"max-video-preview:-1"},"canonical":"https:\/\/ipatch.lv\/ru\/contact\/","og_locale":"ru_RU","og_type":"article","og_title":"M\u016bsu Kontakti | Adrese | Darba laiks | Google Maps \u2022 iPatch","og_description":"Sazinieties ar iPatch \u2b50 M\u0113s esam \u0161eit, lai pal\u012bdz\u0113tu ar vis\u0101m j\u016bsu mobilo ier\u012b\u010du remonta vajadz\u012bb\u0101m R\u012bg\u0101 \u2b50 Zvaniet mums","og_url":"https:\/\/ipatch.lv\/ru\/contact\/","og_site_name":"iPatch","article_publisher":"https:\/\/www.facebook.com\/ipatchremonts\/","article_modified_time":"2025-10-01T14:22:20+00:00","og_image":[{"width":1024,"height":1029,"url":"https:\/\/ipatch.lv\/wp-content\/uploads\/2025\/01\/ipatch-logo.png","type":"image\/png"}],"twitter_card":"summary_large_image","twitter_title":"M\u016bsu Kontakti | Adrese | Darba laiks | Google Maps \u2022 iPatch","twitter_description":"Sazinieties ar iPatch \u2b50 M\u0113s esam \u0161eit, lai pal\u012bdz\u0113tu ar vis\u0101m j\u016bsu mobilo ier\u012b\u010du remonta vajadz\u012bb\u0101m R\u012bg\u0101 \u2b50 Zvaniet mums","twitter_image":"https:\/\/ipatch.lv\/wp-content\/uploads\/2025\/01\/ipatch-logo.png","twitter_misc":{"\u041f\u0440\u0438\u043c\u0435\u0440\u043d\u043e\u0435 \u0432\u0440\u0435\u043c\u044f \u0434\u043b\u044f \u0447\u0442\u0435\u043d\u0438\u044f":"1 \u043c\u0438\u043d\u0443\u0442\u0430"},"schema":{"@context":"https:\/\/schema.org","@graph":[{"@type":"WebPage","@id":"https:\/\/ipatch.lv\/contact\/","url":"https:\/\/ipatch.lv\/contact\/","name":"M\u016bsu Kontakti | Adrese | Darba laiks | Google Maps \u2022 iPatch","isPartOf":{"@id":"https:\/\/ipatch.lv\/#website"},"primaryImageOfPage":{"@id":"https:\/\/ipatch.lv\/contact\/#primaryimage"},"image":{"@id":"https:\/\/ipatch.lv\/contact\/#primaryimage"},"thumbnailUrl":"https:\/\/ipatch.lv\/wp-content\/uploads\/2025\/01\/ipatch-logo.png","datePublished":"2023-06-07T06:27:56+00:00","dateModified":"2025-10-01T14:22:20+00:00","description":"Sazinieties ar iPatch \u2b50 M\u0113s esam \u0161eit, lai pal\u012bdz\u0113tu ar vis\u0101m j\u016bsu mobilo ier\u012b\u010du remonta vajadz\u012bb\u0101m R\u012bg\u0101 \u2b50 Zvaniet mums","breadcrumb":{"@id":"https:\/\/ipatch.lv\/contact\/#breadcrumb"},"inLanguage":"ru-RU","potentialAction":[{"@type":"ReadAction","target":["https:\/\/ipatch.lv\/contact\/"]}]},{"@type":"ImageObject","inLanguage":"ru-RU","@id":"https:\/\/ipatch.lv\/contact\/#primaryimage","url":"https:\/\/ipatch.lv\/wp-content\/uploads\/2025\/01\/ipatch-logo.png","contentUrl":"https:\/\/ipatch.lv\/wp-content\/uploads\/2025\/01\/ipatch-logo.png","width":1024,"height":1029,"caption":"iPatch logo"},{"@type":"BreadcrumbList","@id":"https:\/\/ipatch.lv\/contact\/#breadcrumb","itemListElement":[{"@type":"ListItem","position":1,"name":"Home","item":"https:\/\/ipatch.lv\/"},{"@type":"ListItem","position":2,"name":"Kontakti"}]},{"@type":"WebSite","@id":"https:\/\/ipatch.lv\/#website","url":"https:\/\/ipatch.lv\/","name":"Mobile Repair Malta","description":"iPhone remonts, datoru remonts, telefonu remonts, Apple remonts","publisher":{"@id":"https:\/\/ipatch.lv\/#organization"},"potentialAction":[{"@type":"SearchAction","target":{"@type":"EntryPoint","urlTemplate":"https:\/\/ipatch.lv\/?s={search_term_string}"},"query-input":"required name=search_term_string"}],"inLanguage":"ru-RU"},{"@type":"Organization","@id":"https:\/\/ipatch.lv\/#organization","name":"Mobile Repair Malta","url":"https:\/\/ipatch.lv\/","logo":{"@type":"ImageObject","inLanguage":"ru-RU","@id":"https:\/\/ipatch.lv\/#\/schema\/logo\/image\/","url":"https:\/\/ipatch.lv\/wp-content\/uploads\/2024\/12\/ipatch-logo-white.png","contentUrl":"https:\/\/ipatch.lv\/wp-content\/uploads\/2024\/12\/ipatch-logo-white.png","width":936,"height":300,"caption":"Mobile Repair Malta"},"image":{"@id":"https:\/\/ipatch.lv\/#\/schema\/logo\/image\/"},"sameAs":["https:\/\/www.facebook.com\/ipatchremonts\/"]}]}},"_links":{"self":[{"href":"https:\/\/ipatch.lv\/ru\/wp-json\/wp\/v2\/pages\/974","targetHints":{"allow":["GET"]}}],"collection":[{"href":"https:\/\/ipatch.lv\/ru\/wp-json\/wp\/v2\/pages"}],"about":[{"href":"https:\/\/ipatch.lv\/ru\/wp-json\/wp\/v2\/types\/page"}],"author":[{"embeddable":true,"href":"https:\/\/ipatch.lv\/ru\/wp-json\/wp\/v2\/users\/5"}],"replies":[{"embeddable":true,"href":"https:\/\/ipatch.lv\/ru\/wp-json\/wp\/v2\/comments?post=974"}],"version-history":[{"count":95,"href":"https:\/\/ipatch.lv\/ru\/wp-json\/wp\/v2\/pages\/974\/revisions"}],"predecessor-version":[{"id":9161,"href":"https:\/\/ipatch.lv\/ru\/wp-json\/wp\/v2\/pages\/974\/revisions\/9161"}],"wp:featuredmedia":[{"embeddable":true,"href":"https:\/\/ipatch.lv\/ru\/wp-json\/wp\/v2\/media\/8785"}],"wp:attachment":[{"href":"https:\/\/ipatch.lv\/ru\/wp-json\/wp\/v2\/media?parent=974"}],"curies":[{"name":"wp","href":"https:\/\/api.w.org\/{rel}","templated":true}]}}